{"id":1346,"date":"2024-09-10T17:59:05","date_gmt":"2024-09-10T15:59:05","guid":{"rendered":"https:\/\/taractaylor.com\/TCT\/?page_id=1346"},"modified":"2024-10-30T18:10:32","modified_gmt":"2024-10-30T17:10:32","slug":"openstage","status":"publish","type":"page","link":"https:\/\/taractaylor.com\/TCT\/openstage\/","title":{"rendered":"Open Stage in Alt Moabit @ TaBar Bar!"},"content":{"rendered":"<h1 class=\"wp-block-heading has-medium-font-size\">Thursday November 7th 2024 at <a href=\"https:\/\/www.facebook.com\/p\/Tabar-Berlin-100082963640864\/?locale=de_DE\" target=\"_blank\" rel=\"noreferrer noopener\" data-type=\"link\" data-id=\"https:\/\/www.redrumberlin.de\">TaBar Bar<\/a><\/h1>\n<p><strong><a href=\"https:\/\/www.facebook.com\/events\/811089677901930\/\" target=\"_blank\" rel=\"noopener\"><img decoding=\"async\" class=\"aligncenter wp-image-1347 size-large lazyload\" data-src=\"https:\/\/taractaylor.com\/TCT\/wp-content\/uploads\/2024\/09\/TCT_Tabar-1024x525.jpg\" alt=\"\" width=\"584\" height=\"299\" data-srcset=\"https:\/\/taractaylor.com\/TCT\/wp-content\/uploads\/2024\/09\/TCT_Tabar-1024x525.jpg 1024w, https:\/\/taractaylor.com\/TCT\/wp-content\/uploads\/2024\/09\/TCT_Tabar-300x154.jpg 300w, https:\/\/taractaylor.com\/TCT\/wp-content\/uploads\/2024\/09\/TCT_Tabar-768x394.jpg 768w, https:\/\/taractaylor.com\/TCT\/wp-content\/uploads\/2024\/09\/TCT_Tabar-500x256.jpg 500w, https:\/\/taractaylor.com\/TCT\/wp-content\/uploads\/2024\/09\/TCT_Tabar.jpg 1260w\" data-sizes=\"(max-width: 584px) 100vw, 584px\" src=\"data:image\/svg+xml;base64,PHN2ZyB3aWR0aD0iMSIgaGVpZ2h0PSIxIiB4bWxucz0iaHR0cDovL3d3dy53My5vcmcvMjAwMC9zdmciPjwvc3ZnPg==\" style=\"--smush-placeholder-width: 584px; --smush-placeholder-aspect-ratio: 584\/299;\" \/><\/a>Alt-Moabit 108, 10559 Berlin<\/strong><\/p>\n<p><em><strong>( Deutsch Unten)<\/strong><\/em><\/p>\n<p>The venue is easy to get to and just few minutes walk from the <strong><a href=\"https:\/\/maps.app.goo.gl\/JrWk8m1gn41KMFJR9\" target=\"_blank\" rel=\"noopener\">U9 Turmstra\u00dfe Station (South end exit ) or S-Bahn Bellevue Station<\/a><\/strong>.<\/p>\n<p><strong><em><a href=\"https:\/\/www.facebook.com\/events\/811089677901930\/\" target=\"_blank\" rel=\"noopener\">&lt;Link to the Facebook Event Here&gt;<\/a><\/em><\/strong><\/p>\n<p>TaBar Bar and Restaurant is a great little place in Alt Moabit that is supportive of live music, comedy and karaoke. The kitchen offers amazing Greek snacks and dishes at reasonable prices.<\/p>\n<p><em><strong>Stage is small<\/strong><\/em> and limited to 2-3 people.<\/p>\n<p><em><strong>All genres are welcome<\/strong><\/em> including spoked word. Original music is strongly encouraged since the set list will be submitted to GEMA for registered works.<\/p>\n<p><em><strong>Sign-Up starts at 19:30<\/strong><\/em> with music starting at 20:00. Each performer(s) will get up to 12 minutes including their set-up time. There will be no set order with names drawn at random from the first 9 sign-ups who will have a slot with live sound support as time allows ( thus the strict 12 minutes ). Sadly we need to go \u201cacoustic only\u201d at 22:00 due to the neighbours!<\/p>\n<p><em><strong>This night has full live sound support<\/strong><\/em> including mics and 1\/4\u201d instrument inputs ( Guitars (electric, electro-acoustic, bass), keys\/pads, synths as well as a <strong>1\/8\u201d\/ 3.5mm and 1\/4&#8243; TRS<\/strong> jacks in for computers or phone\u2019s wth backing tracks or a performance application ( e.g. Ableton ).<\/p>\n<p><em><strong>In Regards to Backing Tracks:<\/strong><\/em> If you have backing tracks on a device ( phone or laptop ) <em>we will be able to connect with a 1\/8\u201d\/ 3.5mm TRS cable ( see pic below ) <\/em><\/p>\n<p><img decoding=\"async\" class=\"aligncenter size-thumbnail wp-image-1361 lazyload\" data-src=\"https:\/\/taractaylor.com\/TCT\/wp-content\/uploads\/2024\/09\/Plug-150x150.jpeg\" alt=\"\" width=\"150\" height=\"150\" src=\"data:image\/svg+xml;base64,PHN2ZyB3aWR0aD0iMSIgaGVpZ2h0PSIxIiB4bWxucz0iaHR0cDovL3d3dy53My5vcmcvMjAwMC9zdmciPjwvc3ZnPg==\" style=\"--smush-placeholder-width: 150px; --smush-placeholder-aspect-ratio: 150\/150;\" \/><\/p>\n<p><em><strong>If your your device needs any kind of adapter to 1\/8\u201d \/3.5mm you will need to bring it with you. We will have adapters for iPhone Lightning and USB C and a USB C adapter for non-Apple phones BUT there is no way to know if they will wok for your device. <\/strong><\/em><strong><span style=\"color: #ff0000;\">There will be no support for BlueTooth ot USB sticks. <\/span><\/strong><\/p>\n<p><em><strong>There will be a house guitar, a Roland 61 key electric piano and a keyboard stand available. <\/strong><\/em><\/p>\n<p><em><strong>Note due to the neighbours sorry NO horns\/brass instruments or acoustic symbols or drums. Cajon\u2019s are ok but it will not be mic\u2019ed.<\/strong><\/em><\/p>\n<p><em><strong>We want a night of music and not a stage tech show<\/strong><\/em> so make sure you are ready if you have pedals or devices, setup time will be part of your allocated 12 minutes. <strong><span style=\"color: #ff0000;\">If you take 10 minutes to set up you will only get 2 minutes to perform.<\/span><\/strong><\/p>\n<p>Performers will get a draft beer or glass of wine as thanks!<\/p>\n<p>_________________<br \/>\nNeue *W\u00f6chentliche* Offene B\u00fchne in Alt Moabit\u00a0veranstaltet von Tara C Taylor.<\/p>\n<p>Die TaBar Bar und Restaurant ist ein tolles kleines Lokal in Alt Moabit, das Live-Musik, Comedy und Karaoke anbietet. Die K\u00fcche bietet fantastische griechische Snacks und Gerichte zu vern\u00fcnftigen Preisen.<\/p>\n<p>Die B\u00fchne ist klein und auf 2-3 Personen begrenzt.<\/p>\n<p>Alle Genres sind willkommen, auch Spoken Word. Originalmusik ist ausdr\u00fccklich erw\u00fcnscht, da die Setlist bei der GEMA zur Anmeldung von Werken eingereicht wird.<\/p>\n<p>Die Anmeldung beginnt um 19:30 Uhr, die Musik startet um 20:00 Uhr. Jeder K\u00fcnstler hat bis zu 12 Minuten Zeit, einschlie\u00dflich seiner Aufbauzeit. Es wird keine Reihenfolge geben, die ersten 9 Anmeldungen werden zuf\u00e4llig ausgelost und erhalten einen Platz mit Live-Sound-Unterst\u00fctzung, wenn es die Zeit erlaubt (daher die 12 Minuten). Leider m\u00fcssen wir um 22:00 Uhr wegen der Nachbarn auf \u201enur akustisch\u201c umstellen!<\/p>\n<p><b><i>Diese Nacht hat volle Live-Sound-Unterst\u00fctzung, einschlie\u00dflich Mikrofonen und 1\/4&#8243;-Instrumenteneing\u00e4ngen (Gitarren (elektrisch, elektroakustisch, Bass), Tasten\/Pads, Synthesizer sowie 1\/8&#8243;\/ 3,5 mm und 1\/4&#8243; TRS-Buchsen f\u00fcr Computer oder Telefone mit Backing-Tracks oder eine Performance-Anwendung (z.B. Ableton).<\/i><\/b><b><i><\/i><\/b><\/p>\n<p><b><i>In Bezug auf Backing-Tracks: Wenn Sie Backing-Tracks auf einem Ger\u00e4t (Telefon oder Laptop) haben, k\u00f6nnen wir eine Verbindung mit einem 1\/8&#8243;\/3,5-mm-TRS-Kabel herstellen (siehe Bild unten)<\/i><\/b><\/p>\n<p><img decoding=\"async\" class=\"aligncenter size-thumbnail wp-image-1361 lazyload\" data-src=\"https:\/\/taractaylor.com\/TCT\/wp-content\/uploads\/2024\/09\/Plug-150x150.jpeg\" alt=\"\" width=\"150\" height=\"150\" src=\"data:image\/svg+xml;base64,PHN2ZyB3aWR0aD0iMSIgaGVpZ2h0PSIxIiB4bWxucz0iaHR0cDovL3d3dy53My5vcmcvMjAwMC9zdmciPjwvc3ZnPg==\" style=\"--smush-placeholder-width: 150px; --smush-placeholder-aspect-ratio: 150\/150;\" \/><\/p>\n<p><b><i>Wenn Ihr Ger\u00e4t irgendeine Art von Adapter auf 1\/8&#8243; \/3,5 mm ben\u00f6tigt, m\u00fcssen Sie ihn mitbringen. Wir werden Adapter f\u00fcr iPhone Lightning und USB C und einen USB C-Adapter f\u00fcr Nicht-Apple-Telefone haben, ABER es gibt keine M\u00f6glichkeit zu wissen, ob sie f\u00fcr Ihr Ger\u00e4t geeignet sind. BlueTooth oder USB-Sticks werden nicht unterst\u00fctzt.<\/i><\/b><b><i><\/i><\/b><\/p>\n<p><b><i>Es wird eine Hausgitarre, ein Roland 61-Tasten-E-Klavier und ein Keyboard-St\u00e4nder zur Verf\u00fcgung stehen.<\/i><\/b><\/p>\n<p>Bitte beachten Sie, dass wegen der Nachbarn keine H\u00f6rner\/Blechblasinstrumente oder akustische Symbole oder Schlagzeuge mitgebracht werden d\u00fcrfen. Cajons sind ok, aber es wird keine Mikrofone geben.<\/p>\n<p>Wir wollen einen Abend voller Musik und keine Show mit B\u00fchnentechnik, also stellt sicher, dass ihr bereit seid, wenn ihr Pedale oder Ger\u00e4te habt. Die Aufbauzeit ist Teil der euch zugewiesenen 12 Minuten. Wenn ihr 10 Minuten f\u00fcr den Aufbau braucht, habt ihr nur 2 Minuten Zeit f\u00fcr euren Auftritt.<\/p>\n<p>Als Dankesch\u00f6n erhalten die K\u00fcnstler ein Bier vom Fass oder ein Glas Wein!<\/p>\n<p>Der Veranstaltungsort ist leicht zu erreichen und nur wenige Gehminuten von der U9-Station Turmstra\u00dfe (Ausgang S\u00fcdende) oder der S-Bahn-Station Bellevue entfernt.<\/p>\n<p>Wir freuen uns darauf, Sie dort zu sehen!<\/p>\n<p><a href=\"https:\/\/taractaylor.com\/TCT\/wp-content\/uploads\/2024\/09\/Tabar-Open-Stage-Poster-scaled.jpg\" target=\"_blank\" rel=\"noopener\">&lt;Poster&gt;<\/a><\/p>\n","protected":false},"excerpt":{"rendered":"<p>Thursday November 7th 2024 at TaBar Bar Alt-Moabit 108, 10559 Berlin ( Deutsch Unten) The venue is easy to get to and just few minutes walk from the U9 Turmstra\u00dfe Station (South end exit ) or S-Bahn Bellevue Station. &lt;Link &hellip; <a href=\"https:\/\/taractaylor.com\/TCT\/openstage\/\">Continue reading <span class=\"meta-nav\">&rarr;<\/span><\/a><\/p>\n","protected":false},"author":1,"featured_media":0,"parent":0,"menu_order":0,"comment_status":"closed","ping_status":"closed","template":"","meta":{"footnotes":""},"class_list":["post-1346","page","type-page","status-publish","hentry"],"yoast_head":"<!-- This site is optimized with the Yoast SEO plugin v26.7 - https:\/\/yoast.com\/wordpress\/plugins\/seo\/ -->\n<title>Open Stage in Alt Moabit @ TaBar Bar! - Tara C Taylor<\/title>\n<meta name=\"robots\" content=\"index, follow, max-snippet:-1, max-image-preview:large, max-video-preview:-1\" \/>\n<link rel=\"canonical\" href=\"https:\/\/taractaylor.com\/TCT\/openstage\/\" \/>\n<meta property=\"og:locale\" content=\"en_US\" \/>\n<meta property=\"og:type\" content=\"article\" \/>\n<meta property=\"og:title\" content=\"Open Stage in Alt Moabit @ TaBar Bar! - Tara C Taylor\" \/>\n<meta property=\"og:description\" content=\"Thursday November 7th 2024 at TaBar Bar Alt-Moabit 108, 10559 Berlin ( Deutsch Unten) The venue is easy to get to and just few minutes walk from the U9 Turmstra\u00dfe Station (South end exit ) or S-Bahn Bellevue Station. &lt;Link &hellip; Continue reading &rarr;\" \/>\n<meta property=\"og:url\" content=\"https:\/\/taractaylor.com\/TCT\/openstage\/\" \/>\n<meta property=\"og:site_name\" content=\"Tara C Taylor\" \/>\n<meta property=\"article:publisher\" content=\"https:\/\/www.facebook.com\/taractaylormusic\/\" \/>\n<meta property=\"article:modified_time\" content=\"2024-10-30T17:10:32+00:00\" \/>\n<meta property=\"og:image\" content=\"https:\/\/taractaylor.com\/TCT\/wp-content\/uploads\/2024\/09\/TCT_Tabar.jpg\" \/>\n\t<meta property=\"og:image:width\" content=\"1260\" \/>\n\t<meta property=\"og:image:height\" content=\"646\" \/>\n\t<meta property=\"og:image:type\" content=\"image\/jpeg\" \/>\n<meta name=\"twitter:card\" content=\"summary_large_image\" \/>\n<meta name=\"twitter:label1\" content=\"Est. reading time\" \/>\n\t<meta name=\"twitter:data1\" content=\"4 minutes\" \/>\n<script type=\"application\/ld+json\" class=\"yoast-schema-graph\">{\"@context\":\"https:\/\/schema.org\",\"@graph\":[{\"@type\":\"WebPage\",\"@id\":\"https:\/\/taractaylor.com\/TCT\/openstage\/\",\"url\":\"https:\/\/taractaylor.com\/TCT\/openstage\/\",\"name\":\"Open Stage in Alt Moabit @ TaBar Bar! - Tara C Taylor\",\"isPartOf\":{\"@id\":\"https:\/\/taractaylor.com\/TCT\/#website\"},\"primaryImageOfPage\":{\"@id\":\"https:\/\/taractaylor.com\/TCT\/openstage\/#primaryimage\"},\"image\":{\"@id\":\"https:\/\/taractaylor.com\/TCT\/openstage\/#primaryimage\"},\"thumbnailUrl\":\"https:\/\/taractaylor.com\/TCT\/wp-content\/uploads\/2024\/09\/TCT_Tabar-1024x525.jpg\",\"datePublished\":\"2024-09-10T15:59:05+00:00\",\"dateModified\":\"2024-10-30T17:10:32+00:00\",\"breadcrumb\":{\"@id\":\"https:\/\/taractaylor.com\/TCT\/openstage\/#breadcrumb\"},\"inLanguage\":\"en-US\",\"potentialAction\":[{\"@type\":\"ReadAction\",\"target\":[\"https:\/\/taractaylor.com\/TCT\/openstage\/\"]}]},{\"@type\":\"ImageObject\",\"inLanguage\":\"en-US\",\"@id\":\"https:\/\/taractaylor.com\/TCT\/openstage\/#primaryimage\",\"url\":\"https:\/\/taractaylor.com\/TCT\/wp-content\/uploads\/2024\/09\/TCT_Tabar.jpg\",\"contentUrl\":\"https:\/\/taractaylor.com\/TCT\/wp-content\/uploads\/2024\/09\/TCT_Tabar.jpg\",\"width\":1260,\"height\":646},{\"@type\":\"BreadcrumbList\",\"@id\":\"https:\/\/taractaylor.com\/TCT\/openstage\/#breadcrumb\",\"itemListElement\":[{\"@type\":\"ListItem\",\"position\":1,\"name\":\"Home\",\"item\":\"https:\/\/taractaylor.com\/TCT\/\"},{\"@type\":\"ListItem\",\"position\":2,\"name\":\"Open Stage in Alt Moabit @ TaBar Bar!\"}]},{\"@type\":\"WebSite\",\"@id\":\"https:\/\/taractaylor.com\/TCT\/#website\",\"url\":\"https:\/\/taractaylor.com\/TCT\/\",\"name\":\"Tara C Taylor\",\"description\":\"Acoustic Meets Dance!\",\"publisher\":{\"@id\":\"https:\/\/taractaylor.com\/TCT\/#organization\"},\"potentialAction\":[{\"@type\":\"SearchAction\",\"target\":{\"@type\":\"EntryPoint\",\"urlTemplate\":\"https:\/\/taractaylor.com\/TCT\/?s={search_term_string}\"},\"query-input\":{\"@type\":\"PropertyValueSpecification\",\"valueRequired\":true,\"valueName\":\"search_term_string\"}}],\"inLanguage\":\"en-US\"},{\"@type\":\"Organization\",\"@id\":\"https:\/\/taractaylor.com\/TCT\/#organization\",\"name\":\"Tara C Taylor\",\"url\":\"https:\/\/taractaylor.com\/TCT\/\",\"logo\":{\"@type\":\"ImageObject\",\"inLanguage\":\"en-US\",\"@id\":\"https:\/\/taractaylor.com\/TCT\/#\/schema\/logo\/image\/\",\"url\":\"https:\/\/taractaylor.com\/TCT\/wp-content\/uploads\/2025\/11\/TCT_Door-for-Media-SQ.jpg\",\"contentUrl\":\"https:\/\/taractaylor.com\/TCT\/wp-content\/uploads\/2025\/11\/TCT_Door-for-Media-SQ.jpg\",\"width\":1467,\"height\":1467,\"caption\":\"Tara C Taylor\"},\"image\":{\"@id\":\"https:\/\/taractaylor.com\/TCT\/#\/schema\/logo\/image\/\"},\"sameAs\":[\"https:\/\/www.facebook.com\/taractaylormusic\/\",\"https:\/\/bsky.app\/profile\/taractaylormusic.bsky.social\",\"http:\/\/www.youtube.com\/@taractaylor\",\"https:\/\/www.instagram.com\/taractaylormusic\/\"]}]}<\/script>\n<!-- \/ Yoast SEO plugin. -->","yoast_head_json":{"title":"Open Stage in Alt Moabit @ TaBar Bar! - Tara C Taylor","robots":{"index":"index","follow":"follow","max-snippet":"max-snippet:-1","max-image-preview":"max-image-preview:large","max-video-preview":"max-video-preview:-1"},"canonical":"https:\/\/taractaylor.com\/TCT\/openstage\/","og_locale":"en_US","og_type":"article","og_title":"Open Stage in Alt Moabit @ TaBar Bar! - Tara C Taylor","og_description":"Thursday November 7th 2024 at TaBar Bar Alt-Moabit 108, 10559 Berlin ( Deutsch Unten) The venue is easy to get to and just few minutes walk from the U9 Turmstra\u00dfe Station (South end exit ) or S-Bahn Bellevue Station. &lt;Link &hellip; Continue reading &rarr;","og_url":"https:\/\/taractaylor.com\/TCT\/openstage\/","og_site_name":"Tara C Taylor","article_publisher":"https:\/\/www.facebook.com\/taractaylormusic\/","article_modified_time":"2024-10-30T17:10:32+00:00","og_image":[{"width":1260,"height":646,"url":"https:\/\/taractaylor.com\/TCT\/wp-content\/uploads\/2024\/09\/TCT_Tabar.jpg","type":"image\/jpeg"}],"twitter_card":"summary_large_image","twitter_misc":{"Est. reading time":"4 minutes"},"schema":{"@context":"https:\/\/schema.org","@graph":[{"@type":"WebPage","@id":"https:\/\/taractaylor.com\/TCT\/openstage\/","url":"https:\/\/taractaylor.com\/TCT\/openstage\/","name":"Open Stage in Alt Moabit @ TaBar Bar! - Tara C Taylor","isPartOf":{"@id":"https:\/\/taractaylor.com\/TCT\/#website"},"primaryImageOfPage":{"@id":"https:\/\/taractaylor.com\/TCT\/openstage\/#primaryimage"},"image":{"@id":"https:\/\/taractaylor.com\/TCT\/openstage\/#primaryimage"},"thumbnailUrl":"https:\/\/taractaylor.com\/TCT\/wp-content\/uploads\/2024\/09\/TCT_Tabar-1024x525.jpg","datePublished":"2024-09-10T15:59:05+00:00","dateModified":"2024-10-30T17:10:32+00:00","breadcrumb":{"@id":"https:\/\/taractaylor.com\/TCT\/openstage\/#breadcrumb"},"inLanguage":"en-US","potentialAction":[{"@type":"ReadAction","target":["https:\/\/taractaylor.com\/TCT\/openstage\/"]}]},{"@type":"ImageObject","inLanguage":"en-US","@id":"https:\/\/taractaylor.com\/TCT\/openstage\/#primaryimage","url":"https:\/\/taractaylor.com\/TCT\/wp-content\/uploads\/2024\/09\/TCT_Tabar.jpg","contentUrl":"https:\/\/taractaylor.com\/TCT\/wp-content\/uploads\/2024\/09\/TCT_Tabar.jpg","width":1260,"height":646},{"@type":"BreadcrumbList","@id":"https:\/\/taractaylor.com\/TCT\/openstage\/#breadcrumb","itemListElement":[{"@type":"ListItem","position":1,"name":"Home","item":"https:\/\/taractaylor.com\/TCT\/"},{"@type":"ListItem","position":2,"name":"Open Stage in Alt Moabit @ TaBar Bar!"}]},{"@type":"WebSite","@id":"https:\/\/taractaylor.com\/TCT\/#website","url":"https:\/\/taractaylor.com\/TCT\/","name":"Tara C Taylor","description":"Acoustic Meets Dance!","publisher":{"@id":"https:\/\/taractaylor.com\/TCT\/#organization"},"potentialAction":[{"@type":"SearchAction","target":{"@type":"EntryPoint","urlTemplate":"https:\/\/taractaylor.com\/TCT\/?s={search_term_string}"},"query-input":{"@type":"PropertyValueSpecification","valueRequired":true,"valueName":"search_term_string"}}],"inLanguage":"en-US"},{"@type":"Organization","@id":"https:\/\/taractaylor.com\/TCT\/#organization","name":"Tara C Taylor","url":"https:\/\/taractaylor.com\/TCT\/","logo":{"@type":"ImageObject","inLanguage":"en-US","@id":"https:\/\/taractaylor.com\/TCT\/#\/schema\/logo\/image\/","url":"https:\/\/taractaylor.com\/TCT\/wp-content\/uploads\/2025\/11\/TCT_Door-for-Media-SQ.jpg","contentUrl":"https:\/\/taractaylor.com\/TCT\/wp-content\/uploads\/2025\/11\/TCT_Door-for-Media-SQ.jpg","width":1467,"height":1467,"caption":"Tara C Taylor"},"image":{"@id":"https:\/\/taractaylor.com\/TCT\/#\/schema\/logo\/image\/"},"sameAs":["https:\/\/www.facebook.com\/taractaylormusic\/","https:\/\/bsky.app\/profile\/taractaylormusic.bsky.social","http:\/\/www.youtube.com\/@taractaylor","https:\/\/www.instagram.com\/taractaylormusic\/"]}]}},"_links":{"self":[{"href":"https:\/\/taractaylor.com\/TCT\/wp-json\/wp\/v2\/pages\/1346","targetHints":{"allow":["GET"]}}],"collection":[{"href":"https:\/\/taractaylor.com\/TCT\/wp-json\/wp\/v2\/pages"}],"about":[{"href":"https:\/\/taractaylor.com\/TCT\/wp-json\/wp\/v2\/types\/page"}],"author":[{"embeddable":true,"href":"https:\/\/taractaylor.com\/TCT\/wp-json\/wp\/v2\/users\/1"}],"replies":[{"embeddable":true,"href":"https:\/\/taractaylor.com\/TCT\/wp-json\/wp\/v2\/comments?post=1346"}],"version-history":[{"count":0,"href":"https:\/\/taractaylor.com\/TCT\/wp-json\/wp\/v2\/pages\/1346\/revisions"}],"wp:attachment":[{"href":"https:\/\/taractaylor.com\/TCT\/wp-json\/wp\/v2\/media?parent=1346"}],"curies":[{"name":"wp","href":"https:\/\/api.w.org\/{rel}","templated":true}]}}